{"id":956,"date":"2022-07-08T10:59:02","date_gmt":"2022-07-08T09:59:02","guid":{"rendered":"https:\/\/eu4lea.eu\/?page_id=956"},"modified":"2022-07-21T19:14:34","modified_gmt":"2022-07-21T18:14:34","slug":"komponenti-4-permiresimi-i-koordinimit-nderinstitucional-per-bashkepunim-efektiv-nderkombetar-ne-perputhje-me-politikat-kombetare-te-menaxhimit-te-integruar-te-kufirit","status":"publish","type":"page","link":"https:\/\/eu4lea.eu\/sq\/komponenti-4-permiresimi-i-koordinimit-nderinstitucional-per-bashkepunim-efektiv-nderkombetar-ne-perputhje-me-politikat-kombetare-te-menaxhimit-te-integruar-te-kufirit\/","title":{"rendered":"Komponenti 4 \u2013 Menaxhimi i Integruar t\u00eb Kufirit"},"content":{"rendered":"\n<p>\u201cP\u00ebrmir\u00ebsimi i koordinimit nd\u00ebrinstitucional p\u00ebr bashk\u00ebpunim efektiv nd\u00ebrkomb\u00ebtar n\u00eb p\u00ebrputhje me politikat komb\u00ebtare t\u00eb Menaxhimit t\u00eb Integruar t\u00eb Kufirit\u201d<\/p>\n<p>Aktivitetet e parashikuara n\u00eb rezultatin e sip\u00ebrp\u00ebrmendur synojn\u00eb forcimin e kapaciteteve t\u00eb PSh n\u00eb fush\u00ebn e Menaxhimit t\u00eb Integruar t\u00eb Kufirit si dhe p\u00ebrfshirjen e t\u00eb gjitha agjencive t\u00eb tjera kompetente q\u00eb operojn\u00eb n\u00eb k\u00ebt\u00eb fush\u00eb. Projekti do t\u00eb mb\u00ebshtes\u00eb p\u00ebrmir\u00ebsimin e kuadrit ligjor dhe rregullator dhe akteve n\u00ebnligjore dhe procedurave p\u00ebrkat\u00ebse p\u00ebr nj\u00eb p\u00ebrafrim t\u00eb m\u00ebtejsh\u00ebm me <em>acquis<\/em> t\u00eb BE-s\u00eb. N\u00eb koordinim t\u00eb ngusht\u00eb me FRONTEX-in, projekti do t\u00eb ndihmoj\u00eb Departamentin e Policis\u00eb Kufitare dhe Migracionit (DPKM) n\u00eb zhvillimin dhe zbatimin e procedurave t\u00eb pun\u00ebs\/operacionale dhe n\u00eb p\u00ebrgatitjen dhe zbatimin e trajnimeve. Ndihma do t\u00eb ofrohet p\u00ebr krijimin e nj\u00eb kurrikule t\u00eb dedikuar trajnimi p\u00ebr PKM dhe ofrimin e trajnimeve specifike mbi masat dhe hetimet kund\u00ebr korrupsionit, p\u00ebr t\u00eb p\u00ebrmir\u00ebsuar m\u00eb tej bashk\u00ebpunimin policor n\u00eb lidhje me luft\u00ebn kund\u00ebr kontraband\u00ebs dhe trafikimit t\u00eb migrant\u00ebve.<\/p>\n","protected":false},"excerpt":{"rendered":"<p>\u201cP\u00ebrmir\u00ebsimi i koordinimit nd\u00ebrinstitucional p\u00ebr bashk\u00ebpunim efektiv nd\u00ebrkomb\u00ebtar n\u00eb p\u00ebrputhje me politikat komb\u00ebtare t\u00eb Menaxhimit t\u00eb Integruar t\u00eb Kufirit\u201d Aktivitetet e parashikuara n\u00eb rezultatin e sip\u00ebrp\u00ebrmendur synojn\u00eb forcimin e kapaciteteve [&hellip;]<\/p>\n","protected":false},"author":1,"featured_media":0,"parent":0,"menu_order":0,"comment_status":"closed","ping_status":"closed","template":"","meta":{"_vp_format_video_url":"","_vp_image_focal_point":[],"footnotes":""},"class_list":["post-956","page","type-page","status-publish","hentry","rishi-post","no-post-thumbnail"],"rishi__cb_customizer_meta":"","featured_image_urls":{"full":"","thumbnail":"","medium":"","medium_large":"","large":"","1536x1536":"","2048x2048":"","vp_sm":"","vp_md":"","vp_lg":"","vp_xl":"","vp_sm_popup":"","vp_md_popup":"","vp_xl_popup":"","rishi-fullwidth":"","rishi-withsidebar":"","rishi-blog-grid":""},"post_excerpt_stackable":"<p>\u201cP\u00ebrmir\u00ebsimi i koordinimit nd\u00ebrinstitucional p\u00ebr bashk\u00ebpunim efektiv nd\u00ebrkomb\u00ebtar n\u00eb p\u00ebrputhje me politikat komb\u00ebtare t\u00eb Menaxhimit t\u00eb Integruar t\u00eb Kufirit\u201d Aktivitetet e parashikuara n\u00eb rezultatin e sip\u00ebrp\u00ebrmendur synojn\u00eb forcimin e kapaciteteve t\u00eb PSh n\u00eb fush\u00ebn e Menaxhimit t\u00eb Integruar t\u00eb Kufirit si dhe p\u00ebrfshirjen e t\u00eb gjitha agjencive t\u00eb tjera kompetente q\u00eb operojn\u00eb n\u00eb k\u00ebt\u00eb fush\u00eb. Projekti do t\u00eb mb\u00ebshtes\u00eb p\u00ebrmir\u00ebsimin e kuadrit ligjor dhe rregullator dhe akteve n\u00ebnligjore dhe procedurave p\u00ebrkat\u00ebse p\u00ebr nj\u00eb p\u00ebrafrim t\u00eb m\u00ebtejsh\u00ebm me acquis t\u00eb BE-s\u00eb. N\u00eb koordinim t\u00eb ngusht\u00eb me FRONTEX-in, projekti do t\u00eb ndihmoj\u00eb Departamentin e Policis\u00eb Kufitare dhe Migracionit (DPKM) n\u00eb zhvillimin dhe&hellip;<\/p>\n","category_list":"","author_info":{"name":"EU4LEA","url":"https:\/\/eu4lea.eu\/sq\/author\/gustishtjefni\/"},"comments_num":"0 comments","_links":{"self":[{"href":"https:\/\/eu4lea.eu\/sq\/wp-json\/wp\/v2\/pages\/956","targetHints":{"allow":["GET"]}}],"collection":[{"href":"https:\/\/eu4lea.eu\/sq\/wp-json\/wp\/v2\/pages"}],"about":[{"href":"https:\/\/eu4lea.eu\/sq\/wp-json\/wp\/v2\/types\/page"}],"author":[{"embeddable":true,"href":"https:\/\/eu4lea.eu\/sq\/wp-json\/wp\/v2\/users\/1"}],"replies":[{"embeddable":true,"href":"https:\/\/eu4lea.eu\/sq\/wp-json\/wp\/v2\/comments?post=956"}],"version-history":[{"count":3,"href":"https:\/\/eu4lea.eu\/sq\/wp-json\/wp\/v2\/pages\/956\/revisions"}],"predecessor-version":[{"id":959,"href":"https:\/\/eu4lea.eu\/sq\/wp-json\/wp\/v2\/pages\/956\/revisions\/959"}],"wp:attachment":[{"href":"https:\/\/eu4lea.eu\/sq\/wp-json\/wp\/v2\/media?parent=956"}],"curies":[{"name":"wp","href":"https:\/\/api.w.org\/{rel}","templated":true}]}}