{"id":954,"date":"2022-07-08T10:58:06","date_gmt":"2022-07-08T09:58:06","guid":{"rendered":"https:\/\/eu4lea.eu\/?page_id=954"},"modified":"2022-07-21T19:15:37","modified_gmt":"2022-07-21T18:15:37","slug":"komponenti-3-permiresimi-i-afteive-te-psh-mbi-planifikimin-organizimin-menaxhimin-e-burimeve-njerezore-financiare-teknike","status":"publish","type":"page","link":"https:\/\/eu4lea.eu\/sq\/komponenti-3-permiresimi-i-afteive-te-psh-mbi-planifikimin-organizimin-menaxhimin-e-burimeve-njerezore-financiare-teknike\/","title":{"rendered":"Komponenti 3 \u2013 Menaxhimi i burimeve njer\u00ebzore, financiare dhe teknike"},"content":{"rendered":"\n<p>\u201cP\u00ebrmir\u00ebsimi i Aft\u00ebive t\u00eb PSh mbi planifikimin, organizimin &amp; menaxhimin e burimeve njer\u00ebzore, financiare &amp; teknike\u201d<\/p>\n<p>Q\u00ebllimi kryesor i k\u00ebtij komponenti \u00ebsht\u00eb t\u00eb ndihmoj\u00eb p\u00ebrfituesit t\u00eb p\u00ebrmir\u00ebsojn\u00eb kapacitetet organizative dhe administrative p\u00ebr t\u00eb planifikuar dhe menaxhuar burimet njer\u00ebzore, financiare dhe teknike n\u00eb m\u00ebnyr\u00eb m\u00eb efektive dhe efikase. Projekti do t\u00eb mb\u00ebshtes\u00eb duke mentoruar dhe k\u00ebshilluar p\u00ebr p\u00ebrzgjedhjen dhe menaxhimin efikas t\u00eb burimeve njer\u00ebzore, hartimin e politikave p\u00ebrkat\u00ebse t\u00eb rekrutimit, trajnimin e nj\u00ebsis\u00eb s\u00eb burimeve njer\u00ebzore p\u00ebr procesin e rekrutimit, p\u00ebrdit\u00ebsimin\/rishikimin dhe monitorimin e zbatimit t\u00eb Planit t\u00eb Integritetit, forcimin e rolit dhe kompetencave t\u00eb sh\u00ebrbimit psikologjik, duke ofruar trajnime p\u00ebr planifikimin e buxhetit dhe duke kryer nj\u00eb vler\u00ebsim dhe analiz\u00eb t\u00eb mang\u00ebsive p\u00ebr menaxhimin e aseteve.<\/p>\n","protected":false},"excerpt":{"rendered":"<p>\u201cP\u00ebrmir\u00ebsimi i Aft\u00ebive t\u00eb PSh mbi planifikimin, organizimin &amp; menaxhimin e burimeve njer\u00ebzore, financiare &amp; teknike\u201d Q\u00ebllimi kryesor i k\u00ebtij komponenti \u00ebsht\u00eb t\u00eb ndihmoj\u00eb p\u00ebrfituesit t\u00eb p\u00ebrmir\u00ebsojn\u00eb kapacitetet organizative dhe [&hellip;]<\/p>\n","protected":false},"author":1,"featured_media":0,"parent":0,"menu_order":0,"comment_status":"closed","ping_status":"closed","template":"","meta":{"_vp_format_video_url":"","_vp_image_focal_point":[],"footnotes":""},"class_list":["post-954","page","type-page","status-publish","hentry","rishi-post","no-post-thumbnail"],"rishi__cb_customizer_meta":"","featured_image_urls":{"full":"","thumbnail":"","medium":"","medium_large":"","large":"","1536x1536":"","2048x2048":"","vp_sm":"","vp_md":"","vp_lg":"","vp_xl":"","vp_sm_popup":"","vp_md_popup":"","vp_xl_popup":"","rishi-fullwidth":"","rishi-withsidebar":"","rishi-blog-grid":""},"post_excerpt_stackable":"<p>\u201cP\u00ebrmir\u00ebsimi i Aft\u00ebive t\u00eb PSh mbi planifikimin, organizimin &amp; menaxhimin e burimeve njer\u00ebzore, financiare &amp; teknike\u201d Q\u00ebllimi kryesor i k\u00ebtij komponenti \u00ebsht\u00eb t\u00eb ndihmoj\u00eb p\u00ebrfituesit t\u00eb p\u00ebrmir\u00ebsojn\u00eb kapacitetet organizative dhe administrative p\u00ebr t\u00eb planifikuar dhe menaxhuar burimet njer\u00ebzore, financiare dhe teknike n\u00eb m\u00ebnyr\u00eb m\u00eb efektive dhe efikase. Projekti do t\u00eb mb\u00ebshtes\u00eb duke mentoruar dhe k\u00ebshilluar p\u00ebr p\u00ebrzgjedhjen dhe menaxhimin efikas t\u00eb burimeve njer\u00ebzore, hartimin e politikave p\u00ebrkat\u00ebse t\u00eb rekrutimit, trajnimin e nj\u00ebsis\u00eb s\u00eb burimeve njer\u00ebzore p\u00ebr procesin e rekrutimit, p\u00ebrdit\u00ebsimin\/rishikimin dhe monitorimin e zbatimit t\u00eb Planit t\u00eb Integritetit, forcimin e rolit dhe kompetencave t\u00eb sh\u00ebrbimit psikologjik, duke ofruar trajnime p\u00ebr&hellip;<\/p>\n","category_list":"","author_info":{"name":"EU4LEA","url":"https:\/\/eu4lea.eu\/sq\/author\/gustishtjefni\/"},"comments_num":"0 comments","_links":{"self":[{"href":"https:\/\/eu4lea.eu\/sq\/wp-json\/wp\/v2\/pages\/954","targetHints":{"allow":["GET"]}}],"collection":[{"href":"https:\/\/eu4lea.eu\/sq\/wp-json\/wp\/v2\/pages"}],"about":[{"href":"https:\/\/eu4lea.eu\/sq\/wp-json\/wp\/v2\/types\/page"}],"author":[{"embeddable":true,"href":"https:\/\/eu4lea.eu\/sq\/wp-json\/wp\/v2\/users\/1"}],"replies":[{"embeddable":true,"href":"https:\/\/eu4lea.eu\/sq\/wp-json\/wp\/v2\/comments?post=954"}],"version-history":[{"count":2,"href":"https:\/\/eu4lea.eu\/sq\/wp-json\/wp\/v2\/pages\/954\/revisions"}],"predecessor-version":[{"id":960,"href":"https:\/\/eu4lea.eu\/sq\/wp-json\/wp\/v2\/pages\/954\/revisions\/960"}],"wp:attachment":[{"href":"https:\/\/eu4lea.eu\/sq\/wp-json\/wp\/v2\/media?parent=954"}],"curies":[{"name":"wp","href":"https:\/\/api.w.org\/{rel}","templated":true}]}}