{"id":952,"date":"2022-07-08T10:51:34","date_gmt":"2022-07-08T09:51:34","guid":{"rendered":"https:\/\/eu4lea.eu\/?page_id=952"},"modified":"2022-07-21T19:16:16","modified_gmt":"2022-07-21T18:16:16","slug":"komponenti-2-parandalimi-i-krimit-nepermjet-policimit-ne-komunitet","status":"publish","type":"page","link":"https:\/\/eu4lea.eu\/sq\/komponenti-2-parandalimi-i-krimit-nepermjet-policimit-ne-komunitet\/","title":{"rendered":"Komponenti 2 \u2013 Policimi n\u00eb komunitet"},"content":{"rendered":"\n<p><\/p>\n\n\n\n<p>\u201cParandalimi i krimit n\u00ebp\u00ebrmjet policimit n\u00eb komunitet\u201d<\/p>\n<p>Aktivitetet e parashikuara n\u00eb k\u00ebt\u00eb komponent p\u00ebrfshijn\u00eb forcimin e rendit dhe siguris\u00eb publike p\u00ebrmes qasjes s\u00eb policimit n\u00eb komunitet. Projekti do t\u00eb ofroj\u00eb mb\u00ebshtetje si n\u00eb nivel qendror ashtu edhe n\u00eb at\u00eb vendor, duke mentoruar dhe k\u00ebshilluar, hartimin e strategjive p\u00ebrkat\u00ebse q\u00eb fokusohen n\u00eb mbledhjen e informacionit kriminal, kryerjen e vler\u00ebsimit dhe analiz\u00ebs s\u00eb rrezikut, p\u00ebrforcimin e policimit t\u00eb udh\u00ebhequr nga inteligjenca, ofrimin e trajnimeve p\u00ebrkat\u00ebse p\u00ebr parandalimin dhe hetimin dhun\u00ebs me baz\u00eb gjinore, duke nxitur bashk\u00ebpunimin dhe shk\u00ebmbimin e informacionit nd\u00ebrmjet policis\u00eb kriminale dhe policis\u00eb rrugore, si dhe ofrimin e trajnimeve t\u00eb specializuara dhe trajnime t\u00eb trajnues\u00ebve p\u00ebr punonj\u00ebsit e policis\u00eb rrugore.<\/p>\n","protected":false},"excerpt":{"rendered":"<p>\u201cParandalimi i krimit n\u00ebp\u00ebrmjet policimit n\u00eb komunitet\u201d Aktivitetet e parashikuara n\u00eb k\u00ebt\u00eb komponent p\u00ebrfshijn\u00eb forcimin e rendit dhe siguris\u00eb publike p\u00ebrmes qasjes s\u00eb policimit n\u00eb komunitet. Projekti do t\u00eb ofroj\u00eb [&hellip;]<\/p>\n","protected":false},"author":1,"featured_media":0,"parent":0,"menu_order":0,"comment_status":"closed","ping_status":"closed","template":"","meta":{"_vp_format_video_url":"","_vp_image_focal_point":[],"footnotes":""},"class_list":["post-952","page","type-page","status-publish","hentry","rishi-post","no-post-thumbnail"],"rishi__cb_customizer_meta":"","featured_image_urls":{"full":"","thumbnail":"","medium":"","medium_large":"","large":"","1536x1536":"","2048x2048":"","vp_sm":"","vp_md":"","vp_lg":"","vp_xl":"","vp_sm_popup":"","vp_md_popup":"","vp_xl_popup":"","rishi-fullwidth":"","rishi-withsidebar":"","rishi-blog-grid":""},"post_excerpt_stackable":"<p>\u201cParandalimi i krimit n\u00ebp\u00ebrmjet policimit n\u00eb komunitet\u201d Aktivitetet e parashikuara n\u00eb k\u00ebt\u00eb komponent p\u00ebrfshijn\u00eb forcimin e rendit dhe siguris\u00eb publike p\u00ebrmes qasjes s\u00eb policimit n\u00eb komunitet. Projekti do t\u00eb ofroj\u00eb mb\u00ebshtetje si n\u00eb nivel qendror ashtu edhe n\u00eb at\u00eb vendor, duke mentoruar dhe k\u00ebshilluar, hartimin e strategjive p\u00ebrkat\u00ebse q\u00eb fokusohen n\u00eb mbledhjen e informacionit kriminal, kryerjen e vler\u00ebsimit dhe analiz\u00ebs s\u00eb rrezikut, p\u00ebrforcimin e policimit t\u00eb udh\u00ebhequr nga inteligjenca, ofrimin e trajnimeve p\u00ebrkat\u00ebse p\u00ebr parandalimin dhe hetimin dhun\u00ebs me baz\u00eb gjinore, duke nxitur bashk\u00ebpunimin dhe shk\u00ebmbimin e informacionit nd\u00ebrmjet policis\u00eb kriminale dhe policis\u00eb rrugore, si dhe ofrimin e trajnimeve t\u00eb&hellip;<\/p>\n","category_list":"","author_info":{"name":"EU4LEA","url":"https:\/\/eu4lea.eu\/sq\/author\/gustishtjefni\/"},"comments_num":"0 comments","_links":{"self":[{"href":"https:\/\/eu4lea.eu\/sq\/wp-json\/wp\/v2\/pages\/952","targetHints":{"allow":["GET"]}}],"collection":[{"href":"https:\/\/eu4lea.eu\/sq\/wp-json\/wp\/v2\/pages"}],"about":[{"href":"https:\/\/eu4lea.eu\/sq\/wp-json\/wp\/v2\/types\/page"}],"author":[{"embeddable":true,"href":"https:\/\/eu4lea.eu\/sq\/wp-json\/wp\/v2\/users\/1"}],"replies":[{"embeddable":true,"href":"https:\/\/eu4lea.eu\/sq\/wp-json\/wp\/v2\/comments?post=952"}],"version-history":[{"count":2,"href":"https:\/\/eu4lea.eu\/sq\/wp-json\/wp\/v2\/pages\/952\/revisions"}],"predecessor-version":[{"id":961,"href":"https:\/\/eu4lea.eu\/sq\/wp-json\/wp\/v2\/pages\/952\/revisions\/961"}],"wp:attachment":[{"href":"https:\/\/eu4lea.eu\/sq\/wp-json\/wp\/v2\/media?parent=952"}],"curies":[{"name":"wp","href":"https:\/\/api.w.org\/{rel}","templated":true}]}}