{"id":945,"date":"2022-06-13T11:49:52","date_gmt":"2022-06-13T10:49:52","guid":{"rendered":"https:\/\/eu4lea.eu\/?page_id=945"},"modified":"2022-07-21T19:07:58","modified_gmt":"2022-07-21T18:07:58","slug":"ekspertet-nderkombetare-te-eu4lea","status":"publish","type":"page","link":"https:\/\/eu4lea.eu\/sq\/ekspertet-nderkombetare-te-eu4lea\/","title":{"rendered":"Ekspert\u00ebt Nd\u00ebrkomb\u00ebtar\u00eb t\u00eb EU4LEA"},"content":{"rendered":"","protected":false},"excerpt":{"rendered":"","protected":false},"author":1,"featured_media":0,"parent":0,"menu_order":0,"comment_status":"closed","ping_status":"closed","template":"","meta":{"_vp_format_video_url":"","_vp_image_focal_point":[],"footnotes":""},"class_list":["post-945","page","type-page","status-publish","hentry","rishi-post","no-post-thumbnail"],"rishi__cb_customizer_meta":"","featured_image_urls":{"full":"","thumbnail":"","medium":"","medium_large":"","large":"","1536x1536":"","2048x2048":"","vp_sm":"","vp_md":"","vp_lg":"","vp_xl":"","vp_sm_popup":"","vp_md_popup":"","vp_xl_popup":"","rishi-fullwidth":"","rishi-withsidebar":"","rishi-blog-grid":""},"post_excerpt_stackable":"","category_list":"","author_info":{"name":"EU4LEA","url":"https:\/\/eu4lea.eu\/sq\/author\/gustishtjefni\/"},"comments_num":"0 comments","_links":{"self":[{"href":"https:\/\/eu4lea.eu\/sq\/wp-json\/wp\/v2\/pages\/945","targetHints":{"allow":["GET"]}}],"collection":[{"href":"https:\/\/eu4lea.eu\/sq\/wp-json\/wp\/v2\/pages"}],"about":[{"href":"https:\/\/eu4lea.eu\/sq\/wp-json\/wp\/v2\/types\/page"}],"author":[{"embeddable":true,"href":"https:\/\/eu4lea.eu\/sq\/wp-json\/wp\/v2\/users\/1"}],"replies":[{"embeddable":true,"href":"https:\/\/eu4lea.eu\/sq\/wp-json\/wp\/v2\/comments?post=945"}],"version-history":[{"count":1,"href":"https:\/\/eu4lea.eu\/sq\/wp-json\/wp\/v2\/pages\/945\/revisions"}],"predecessor-version":[{"id":946,"href":"https:\/\/eu4lea.eu\/sq\/wp-json\/wp\/v2\/pages\/945\/revisions\/946"}],"wp:attachment":[{"href":"https:\/\/eu4lea.eu\/sq\/wp-json\/wp\/v2\/media?parent=945"}],"curies":[{"name":"wp","href":"https:\/\/api.w.org\/{rel}","templated":true}]}}