{"id":943,"date":"2022-05-23T15:52:57","date_gmt":"2022-05-23T14:52:57","guid":{"rendered":"https:\/\/eu4lea.eu\/?page_id=943"},"modified":"2022-07-21T19:09:50","modified_gmt":"2022-07-21T18:09:50","slug":"drejtuesi-i-projektit-eu4lea","status":"publish","type":"page","link":"https:\/\/eu4lea.eu\/sq\/drejtuesi-i-projektit-eu4lea\/","title":{"rendered":"Drejtuesi i Projektit EU4LEA"},"content":{"rendered":"\n<p><\/p>\n\n\n\n<div class=\"J0lOec\" style=\"text-align: justify;\"><span class=\"VIiyi\" lang=\"sq\"><span class=\"JLqJ4b\" data-language-for-alternatives=\"sq\" data-language-to-translate-into=\"en\" data-phrase-index=\"0\" data-number-of-phrases=\"1\"><span class=\"Q4iAWc\">Kolonel Fabio OTTAVIANI <\/span><\/span><\/span><\/div>\n<div>\u00a0<\/div>\n<div class=\"J0lOec\" style=\"text-align: justify;\"><span class=\"VIiyi\" lang=\"sq\"><span class=\"JLqJ4b\" data-language-for-alternatives=\"sq\" data-language-to-translate-into=\"en\" data-phrase-index=\"0\" data-number-of-phrases=\"1\"><span class=\"Q4iAWc\">Koloneli Fabio Ottaviani ka lindur n\u00eb Rom\u00eb n\u00eb vitin 1971. Ai \u00ebsht\u00eb i martuar me tre vajza. N\u00eb vitin 1990 ai u bashkua me Korpusin e Karabinier\u00ebve duke ndjekur kursin 172\u00b0 p\u00ebr oficer\u00ebt e Akademis\u00eb Ushtarake t\u00eb Ushtris\u00eb, t\u00eb cil\u00ebs i p\u00ebrkiste Korpusi i Karabinier\u00ebve nga viti 1814 deri n\u00eb vitin 2000. N\u00eb vitin 1992, pasi u em\u00ebrua si toger i dyt\u00eb, ai iu bashkua nj\u00eb kursi trevje\u00e7ar n\u00eb Qendra e Trajnimit t\u00eb Oficer\u00ebve t\u00eb Karabinier\u00ebve n\u00eb Rom\u00eb ku u diplomua p\u00ebr drejt\u00ebsi duke marr\u00eb grad\u00ebn Toger i Par\u00eb. Ai pati disa turne detyrash n\u00eb zonat me rrezik t\u00eb lart\u00eb t\u00eb Italis\u00eb, si Palermo (Sicili), Bari (Puglia) dhe Kozenza (Kalabri), duke fituar nj\u00eb p\u00ebrvoj\u00eb t\u00eb sh\u00ebndosh\u00eb n\u00eb luft\u00ebn kund\u00ebr organizatave kriminale t\u00eb stilit mafioz, parandalimin e krimit dhe sh\u00ebrbimet kund\u00ebr trazirave. Ai pati mund\u00ebsin\u00eb t\u00eb zhvillonte nj\u00eb eksperienc\u00eb t\u00eb gjer\u00eb n\u00eb institucionet qendrore, si n\u00eb Shtabin e Karabinier\u00ebve, n\u00eb Kabinetin e Ministris\u00eb s\u00eb Mbrojtjes dhe n\u00eb Drejtorin\u00eb Qendrore t\u00eb Policis\u00eb Kriminale t\u00eb Departamentit t\u00eb Siguris\u00eb Publike t\u00eb Ministris\u00eb s\u00eb Brendshme. N\u00eb k\u00ebt\u00eb institucion t\u00eb fundit ai mbajti pozicionin e Drejtorit t\u00eb Divizionit n\u00eb Sh\u00ebrbimin e Bashk\u00ebpunimit Policor Nd\u00ebrkomb\u00ebtar ku u specializua n\u00eb Bashk\u00ebpunimin Policor t\u00eb BE-s\u00eb me fokus t\u00eb arratisurit nd\u00ebrkomb\u00ebtar\u00eb q\u00eb i p\u00ebrkisnin grupeve kryesore t\u00eb krimit t\u00eb organizuar. N\u00eb k\u00ebt\u00eb drejtim, ai u em\u00ebrua si Udh\u00ebheq\u00ebs i Komponentit p\u00ebr Ekipet e K\u00ebrkimit Aktiv t\u00eb Arratisur n\u00eb kuad\u00ebr t\u00eb projektit t\u00eb financuar nga BE IPA 2019 \u201cKund\u00ebr krimit t\u00eb r\u00ebnd\u00eb n\u00eb Ballkanin Per\u00ebndimor\u201d dhe n\u00eb fund u em\u00ebrua Drejtues Ekip i projektit t\u00eb financuar nga BE-ja \u201cBashkimi Evropian p\u00ebr Zbatimin e Ligjit n\u00eb Albania\u201d (EU4LEA), e cila \u00ebsht\u00eb n\u00eb vijim\u00ebsi me projektin e njohur t\u00eb financuar nga BE t\u00eb quajtur PAMECA.<\/span><\/span><\/span><\/div>\n<div class=\"UdTY9 Yb6eTe\" aria-hidden=\"true\" data-location=\"2\">\n<div class=\"kO6q6e\">\u00a0<\/div>\n<\/div>\n<div class=\"BdDRKe\">\n<div class=\"aJIq1d DSmisd\" data-language-code=\"sq\" data-language-name=\"Albanian\" data-text=\"Kolonel Fabio OTTAVIANI\n\nKoloneli Fabio Ottaviani ka lindur n\u00eb Rom\u00eb n\u00eb vitin 1971. Ai \u00ebsht\u00eb i martuar me tre vajza. N\u00eb vitin 1990 ai u bashkua me Korpusin e Karabinier\u00ebve duke ndjekur kursin 172\u00b0 p\u00ebr oficer\u00ebt e Akademis\u00eb Ushtarake t\u00eb Ushtris\u00eb, t\u00eb cil\u00ebs i p\u00ebrkiste Korpusi i Karabinier\u00ebve nga viti 1814 deri n\u00eb vitin 2000. N\u00eb vitin 1992, pasi u em\u00ebrua si toger i dyt\u00eb, ai iu bashkua nj\u00eb kursi trevje\u00e7ar n\u00eb Qendra e Trajnimit t\u00eb Oficer\u00ebve t\u00eb Karabinier\u00ebve n\u00eb Rom\u00eb ku u diplomua p\u00ebr drejt\u00ebsi duke marr\u00eb grad\u00ebn Toger i Par\u00eb. Ai pati disa turne detyrash n\u00eb zonat me rrezik t\u00eb lart\u00eb t\u00eb Italis\u00eb, si Palermo (Sicili), Bari (Puglia) dhe Kozenza (Kalabri), duke fituar nj\u00eb p\u00ebrvoj\u00eb t\u00eb sh\u00ebndosh\u00eb n\u00eb luft\u00ebn kund\u00ebr organizatave kriminale t\u00eb stilit mafioz, parandalimin e krimit dhe sh\u00ebrbimet kund\u00ebr trazirave. Ai pati mund\u00ebsin\u00eb t\u00eb zhvillonte nj\u00eb eksperienc\u00eb t\u00eb gjer\u00eb n\u00eb institucionet qendrore, si n\u00eb Shtabin e Karabinier\u00ebve, n\u00eb Kabinetin e Ministris\u00eb s\u00eb Mbrojtjes dhe n\u00eb Drejtorin\u00eb Qendrore t\u00eb Policis\u00eb Kriminale t\u00eb Departamentit t\u00eb Siguris\u00eb Publike t\u00eb Ministris\u00eb s\u00eb Brendshme. N\u00eb k\u00ebt\u00eb institucion t\u00eb fundit ai mbajti pozicionin e Drejtorit t\u00eb Divizionit n\u00eb Sh\u00ebrbimin e Bashk\u00ebpunimit Policor Nd\u00ebrkomb\u00ebtar ku u specializua n\u00eb Bashk\u00ebpunimin Policor t\u00eb BE-s\u00eb me fokus t\u00eb arratisurit nd\u00ebrkomb\u00ebtar\u00eb q\u00eb i p\u00ebrkisnin grupeve kryesore t\u00eb krimit t\u00eb organizuar. N\u00eb k\u00ebt\u00eb drejtim, ai u em\u00ebrua si Udh\u00ebheq\u00ebs i Komponentit p\u00ebr Ekipet e K\u00ebrkimit Aktiv t\u00eb Arratisur n\u00eb kuad\u00ebr t\u00eb projektit t\u00eb financuar nga BE IPA 2019 \u201cKund\u00ebr krimit t\u00eb r\u00ebnd\u00eb n\u00eb Ballkanin Per\u00ebndimor\u201d dhe n\u00eb fund u em\u00ebrua Drejtues Ekip i projektit t\u00eb financuar nga BE-ja \u201cBashkimi Evropian p\u00ebr Zbatimin e Ligjit n\u00eb Albania\u201d (EU4LEA), e cila \u00ebsht\u00eb n\u00eb vijim\u00ebsi me projektin e njohur t\u00eb financuar nga BE t\u00eb quajtur PAMECA.\" data-crosslingual-hint=\"\" data-location=\"2\" data-enable-toggle-playback-speed=\"true\">\n<div class=\"m0Qfkd\">\n<div data-show-delay-ms=\"250\" data-append-to-body=\"true\" data-propagate-tooltip-mouseover-events=\"true\" data-anchor-corner=\"bottom-left\" data-enable-skip-handler=\"false\" data-popup-corner=\"top-left\">\n<div>\u00a0<\/div>\n<\/div>\n<\/div>\n<\/div>\n<\/div>\n<p>\u00a0<\/p>\n<div class=\"ySES5\">\u00a0<\/div>\n<div class=\"ySES5\">\u00a0<\/div>\n","protected":false},"excerpt":{"rendered":"<p>Kolonel Fabio OTTAVIANI \u00a0 Koloneli Fabio Ottaviani ka lindur n\u00eb Rom\u00eb n\u00eb vitin 1971. Ai \u00ebsht\u00eb i martuar me tre vajza. N\u00eb vitin 1990 ai u bashkua me Korpusin e [&hellip;]<\/p>\n","protected":false},"author":1,"featured_media":0,"parent":0,"menu_order":0,"comment_status":"closed","ping_status":"closed","template":"","meta":{"_vp_format_video_url":"","_vp_image_focal_point":[],"footnotes":""},"class_list":["post-943","page","type-page","status-publish","hentry","rishi-post","no-post-thumbnail"],"rishi__cb_customizer_meta":"","featured_image_urls":{"full":"","thumbnail":"","medium":"","medium_large":"","large":"","1536x1536":"","2048x2048":"","vp_sm":"","vp_md":"","vp_lg":"","vp_xl":"","vp_sm_popup":"","vp_md_popup":"","vp_xl_popup":"","rishi-fullwidth":"","rishi-withsidebar":"","rishi-blog-grid":""},"post_excerpt_stackable":"<p>Kolonel Fabio OTTAVIANI \u00a0 Koloneli Fabio Ottaviani ka lindur n\u00eb Rom\u00eb n\u00eb vitin 1971. Ai \u00ebsht\u00eb i martuar me tre vajza. N\u00eb vitin 1990 ai u bashkua me Korpusin e Karabinier\u00ebve duke ndjekur kursin 172\u00b0 p\u00ebr oficer\u00ebt e Akademis\u00eb Ushtarake t\u00eb Ushtris\u00eb, t\u00eb cil\u00ebs i p\u00ebrkiste Korpusi i Karabinier\u00ebve nga viti 1814 deri n\u00eb vitin 2000. N\u00eb vitin 1992, pasi u em\u00ebrua si toger i dyt\u00eb, ai iu bashkua nj\u00eb kursi trevje\u00e7ar n\u00eb Qendra e Trajnimit t\u00eb Oficer\u00ebve t\u00eb Karabinier\u00ebve n\u00eb Rom\u00eb ku u diplomua p\u00ebr drejt\u00ebsi duke marr\u00eb grad\u00ebn Toger i Par\u00eb. Ai pati disa turne detyrash n\u00eb zonat&hellip;<\/p>\n","category_list":"","author_info":{"name":"EU4LEA","url":"https:\/\/eu4lea.eu\/sq\/author\/gustishtjefni\/"},"comments_num":"0 comments","_links":{"self":[{"href":"https:\/\/eu4lea.eu\/sq\/wp-json\/wp\/v2\/pages\/943","targetHints":{"allow":["GET"]}}],"collection":[{"href":"https:\/\/eu4lea.eu\/sq\/wp-json\/wp\/v2\/pages"}],"about":[{"href":"https:\/\/eu4lea.eu\/sq\/wp-json\/wp\/v2\/types\/page"}],"author":[{"embeddable":true,"href":"https:\/\/eu4lea.eu\/sq\/wp-json\/wp\/v2\/users\/1"}],"replies":[{"embeddable":true,"href":"https:\/\/eu4lea.eu\/sq\/wp-json\/wp\/v2\/comments?post=943"}],"version-history":[{"count":2,"href":"https:\/\/eu4lea.eu\/sq\/wp-json\/wp\/v2\/pages\/943\/revisions"}],"predecessor-version":[{"id":951,"href":"https:\/\/eu4lea.eu\/sq\/wp-json\/wp\/v2\/pages\/943\/revisions\/951"}],"wp:attachment":[{"href":"https:\/\/eu4lea.eu\/sq\/wp-json\/wp\/v2\/media?parent=943"}],"curies":[{"name":"wp","href":"https:\/\/api.w.org\/{rel}","templated":true}]}}