{"id":941,"date":"2022-07-08T10:35:37","date_gmt":"2022-07-08T09:35:37","guid":{"rendered":"https:\/\/eu4lea.eu\/?page_id=941"},"modified":"2022-07-21T19:03:57","modified_gmt":"2022-07-21T18:03:57","slug":"cfare-ben-eu4lea","status":"publish","type":"page","link":"https:\/\/eu4lea.eu\/sq\/cfare-ben-eu4lea\/","title":{"rendered":"\u00c7far\u00eb b\u00ebn EU4LEA"},"content":{"rendered":"\n<p>Projekti EU4LEA financohet nga Komisioni Evropian n\u00eb kuad\u00ebr t\u00eb Instrumentit p\u00ebr Asistenc\u00ebn e Para-Aderimit II (IPA II). Projekti ka filluar zbatimin m\u00eb 1 qershor 2022 dhe pritet t\u00eb zgjas\u00eb 24 (nj\u00ebzet e kat\u00ebr) muaj. Objektivi i p\u00ebrgjitsh\u00ebm i projektit \u00ebsht\u00eb t\u00eb kontribuoj\u00eb n\u00eb fuqizimin e sundimit t\u00eb ligjit n\u00eb Shqip\u00ebri.<\/p>\n\n\n\n<p>EU4LEA \u00ebsht\u00eb ideuar si nj\u00eb projekt asistence teknike i BE-s\u00eb p\u00ebr t\u00eb mb\u00ebshtetur dhe asistuar agjencit\u00eb kryesore t\u00eb zbatimit t\u00eb ligjit n\u00eb Shqip\u00ebri, ve\u00e7an\u00ebrisht Policin\u00eb e Shtetit Shqiptar, Ministrin\u00eb e Brendshme, SPAK (Prokurorin\u00eb e Posa\u00e7me dhe BKH), Prokurorin\u00eb e P\u00ebrgjithshme dhe Prokurorit\u00eb e Rretheve, n\u00eb arritjen e objektivave dhe afrimin e performanc\u00ebs s\u00eb tyre me standardet e BE-s\u00eb.<\/p>\n\n\n\n<p>Marr\u00ebveshja e Kontributit t\u00eb BE IPA\/2022\/432998, p\u00ebr zbatimin e projektit EU4LEA, i \u00ebsht\u00eb dh\u00ebn\u00eb nga Delegacioni i Bashkimit Evropian n\u00eb Shqip\u00ebri Ministris\u00eb s\u00eb Brendshme t\u00eb Republik\u00ebs s\u00eb Italis\u00eb, si partner kryesor. Ministria Federale e Brendshme e Republik\u00ebs s\u00eb Austris\u00eb dhe FIIAPP- Spanj\u00eb \u201cFondacioni Nd\u00ebrkomb\u00ebtar dhe Ibero-Amerikan p\u00ebr Administrat\u00ebn dhe Politikat Publike\u201d jan\u00eb dy partner\u00ebt e tjer\u00eb zbatues t\u00eb projektit.<\/p>\n\n\n\n<p>P\u00ebrfituesit kryesor\u00eb t\u00eb asistenc\u00ebs EU4LEA jan\u00eb Ministria e Brendshme, Policia e Shtetit Shqiptar, SPAK (Prokuroria e Posa\u00e7me dhe BKH), Prokuroria e P\u00ebrgjithshme dhe Prokurorit\u00eb e Rretheve. P\u00ebrfituesit dyt\u00ebsor\u00eb p\u00ebrfshijn\u00eb DPPPP, Autoritetet Doganore dhe Tatimore, ILDKPKI, AAPSK, Ministria e Drejt\u00ebsis\u00eb, etj. P\u00ebrfituesit p\u00ebrfundimtar\u00eb jan\u00eb shtetasit shqiptar\u00eb.<\/p>\n\n\n\n<p>P\u00ebr t\u00eb krijuar sinergji dhe p\u00ebr t\u00eb shmangur mbivendosjet, EU4LEA do t\u00eb krijoj\u00eb dhe do t\u00eb mbaj\u00eb bashk\u00ebpunim t\u00eb ngusht\u00eb me projekte t\u00eb tjera t\u00eb financuara nga BE n\u00eb fush\u00ebn e sundimit t\u00eb ligjit dhe programe t\u00eb tjera t\u00eb financuara nga nd\u00ebrkomb\u00ebtar\u00eb.<\/p>\n\n\n\n<p>EU4LEA ka 2 objektiva specifike. Objektivi i par\u00eb \u00ebsht\u00eb t\u00eb p\u00ebrmir\u00ebsoj\u00eb p\u00ebrformanc\u00ebn e Policis\u00eb s\u00eb Shtetit SHqiptar\u00eb (PSh), SPAK (Prokurorin\u00eb e Posa\u00e7me dhe BKH), Prokurorin\u00eb e P\u00ebrgjithshm\u00eb dhe ato t\u00eb Rretheve si dhe agjensit\u00eb n\u00eb luft\u00ebn kund\u00ebr krimit t\u00eb r\u00ebnd\u00eb dhe t\u00eb organizuar, korrupsionit n\u00eb nvele t\u00eb larta dhe krimit mjedisor. Objektivi i dyt\u00eb \u00ebsht\u00eb ai i p\u00ebrmir\u00ebsimit t\u00eb Menaxhimit t\u00eb Integruar t\u00eb Kufirit n\u00eb nivel komb\u00ebtar (MIK).<\/p>\n\n\n\n<p>P\u00ebr realizimin e objektivave t\u00eb p\u00ebrcaktuara, fokusi i projektit do t\u00eb jet\u00eb si n\u00eb nivel qendror ashtu edhe n\u00eb at\u00eb vendor, duke integruar mes p\u00ebrfituesve Drejtorit\u00eb e Policis\u00eb s\u00eb Qarqeve dhe Prokurorit\u00eb e Rretheve, si dhe do t\u00eb adresoj\u00eb sfidat n\u00eb hetimin dhe ndjekjen penale t\u00eb krimit t\u00eb organizuar, trafikimit t\u00eb paligjsh\u00ebm, korrupsionit t\u00eb nivelit t\u00eb lart\u00eb dhe krimit mjedisor, kapaciteteve p\u00ebr parandalimin e krimit n\u00ebp\u00ebrmjet policimit n\u00eb komunitet, ngritjes s\u00eb kapaciteteve mbi planifikimin, organizimin dhe menaxhimin e burimeve njer\u00ebzore, financiare dhe teknike, koordinimin nd\u00ebrinstitucional p\u00ebr bashk\u00ebpunim efektiv nd\u00ebrkomb\u00ebtar n\u00eb p\u00ebrputhje me politikat komb\u00ebtare p\u00ebr Menaxhimin e Integruar t\u00eb Kufirit. Projekti do t\u00eb hartoj\u00eb dhe organizoj\u00eb kurse trajnimi t\u00eb p\u00ebrshtatura, duke p\u00ebrfshir\u00eb trajnimin n\u00eb pun\u00eb dhe asistenc\u00ebn p\u00ebr zhvillimin e kapaciteteve, t\u00eb cilat do t\u00eb bashkojn\u00eb policin\u00eb, prokuror\u00ebt, qeverin\u00eb vendore dhe pal\u00eb t\u00eb tjera t\u00eb interesuara, me q\u00ebllim p\u00ebrmir\u00ebsimin e koordinimit dhe bashk\u00ebpunimit mes tyre.<\/p>\n\n\n\n<p>Gjithashtu, parashikohen lloje t\u00eb ndryshme aktivitetesh, si trajnime\/\u00eborkshope, ushtrime praktike simulimi n\u00eb vinel qendror dhe vendor, mb\u00ebshtetje k\u00ebshillimore dhe teknike ashtu edhe strategjike, vler\u00ebsime\/analiza ligjore, p\u00ebrmbledhje e <em>acquis<\/em> p\u00ebrkat\u00ebse t\u00eb BE-s\u00eb, nj\u00eb gam\u00eb e gjer\u00eb vizitash studimore n\u00eb agjencit\u00eb e BE dhe vendeve an\u00ebtare, rishikim\/monitorim i rasteve penale, vizita n\u00eb terren, etj.<\/p>\n","protected":false},"excerpt":{"rendered":"<p>Projekti EU4LEA financohet nga Komisioni Evropian n\u00eb kuad\u00ebr t\u00eb Instrumentit p\u00ebr Asistenc\u00ebn e Para-Aderimit II (IPA II). Projekti ka filluar zbatimin m\u00eb 1 qershor 2022 dhe pritet t\u00eb zgjas\u00eb 24 [&hellip;]<\/p>\n","protected":false},"author":1,"featured_media":0,"parent":0,"menu_order":0,"comment_status":"closed","ping_status":"closed","template":"","meta":{"_vp_format_video_url":"","_vp_image_focal_point":[],"footnotes":""},"class_list":["post-941","page","type-page","status-publish","hentry","rishi-post","no-post-thumbnail"],"rishi__cb_customizer_meta":"","featured_image_urls":{"full":"","thumbnail":"","medium":"","medium_large":"","large":"","1536x1536":"","2048x2048":"","vp_sm":"","vp_md":"","vp_lg":"","vp_xl":"","vp_sm_popup":"","vp_md_popup":"","vp_xl_popup":"","rishi-fullwidth":"","rishi-withsidebar":"","rishi-blog-grid":""},"post_excerpt_stackable":"<p>Projekti EU4LEA financohet nga Komisioni Evropian n\u00eb kuad\u00ebr t\u00eb Instrumentit p\u00ebr Asistenc\u00ebn e Para-Aderimit II (IPA II). Projekti ka filluar zbatimin m\u00eb 1 qershor 2022 dhe pritet t\u00eb zgjas\u00eb 24 (nj\u00ebzet e kat\u00ebr) muaj. Objektivi i p\u00ebrgjitsh\u00ebm i projektit \u00ebsht\u00eb t\u00eb kontribuoj\u00eb n\u00eb fuqizimin e sundimit t\u00eb ligjit n\u00eb Shqip\u00ebri. EU4LEA \u00ebsht\u00eb ideuar si nj\u00eb projekt asistence teknike i BE-s\u00eb p\u00ebr t\u00eb mb\u00ebshtetur dhe asistuar agjencit\u00eb kryesore t\u00eb zbatimit t\u00eb ligjit n\u00eb Shqip\u00ebri, ve\u00e7an\u00ebrisht Policin\u00eb e Shtetit Shqiptar, Ministrin\u00eb e Brendshme, SPAK (Prokurorin\u00eb e Posa\u00e7me dhe BKH), Prokurorin\u00eb e P\u00ebrgjithshme dhe Prokurorit\u00eb e Rretheve, n\u00eb arritjen e objektivave dhe afrimin&hellip;<\/p>\n","category_list":"","author_info":{"name":"EU4LEA","url":"https:\/\/eu4lea.eu\/sq\/author\/gustishtjefni\/"},"comments_num":"0 comments","_links":{"self":[{"href":"https:\/\/eu4lea.eu\/sq\/wp-json\/wp\/v2\/pages\/941","targetHints":{"allow":["GET"]}}],"collection":[{"href":"https:\/\/eu4lea.eu\/sq\/wp-json\/wp\/v2\/pages"}],"about":[{"href":"https:\/\/eu4lea.eu\/sq\/wp-json\/wp\/v2\/types\/page"}],"author":[{"embeddable":true,"href":"https:\/\/eu4lea.eu\/sq\/wp-json\/wp\/v2\/users\/1"}],"replies":[{"embeddable":true,"href":"https:\/\/eu4lea.eu\/sq\/wp-json\/wp\/v2\/comments?post=941"}],"version-history":[{"count":1,"href":"https:\/\/eu4lea.eu\/sq\/wp-json\/wp\/v2\/pages\/941\/revisions"}],"predecessor-version":[{"id":942,"href":"https:\/\/eu4lea.eu\/sq\/wp-json\/wp\/v2\/pages\/941\/revisions\/942"}],"wp:attachment":[{"href":"https:\/\/eu4lea.eu\/sq\/wp-json\/wp\/v2\/media?parent=941"}],"curies":[{"name":"wp","href":"https:\/\/api.w.org\/{rel}","templated":true}]}}