{"id":939,"date":"2022-05-23T15:50:38","date_gmt":"2022-05-23T14:50:38","guid":{"rendered":"https:\/\/eu4lea.eu\/?page_id=939"},"modified":"2022-07-21T19:03:00","modified_gmt":"2022-07-21T18:03:00","slug":"histori","status":"publish","type":"page","link":"https:\/\/eu4lea.eu\/sq\/histori\/","title":{"rendered":"Histori"},"content":{"rendered":"\n<p>Historia e asistenc\u00ebs s\u00eb BE-s\u00eb p\u00ebr zbatimin e ligjit n\u00eb Shqip\u00ebri <\/p>\n\n\n\n<p>Asistenca e BE-s\u00eb p\u00ebr zbatimin e ligjit n\u00eb Shqip\u00ebri ka filluar n\u00eb vitin 2002 dhe ka funksionuar n\u00eb kuad\u00ebr t\u00eb asistenc\u00ebs q\u00eb BE i ka dh\u00ebn\u00eb Shqip\u00ebris\u00eb n\u00eb fush\u00ebn e zbatimit t\u00eb ligjit dhe siguris\u00eb dhe rendit publik. Projektet PAMECA pasuan Elementin e Policis\u00eb K\u00ebshillimore Shum\u00ebkomb\u00ebshe (MAPE) nga Bashkimi Evropian Per\u00ebndimor (WEU) dhe Ndihma Policore e Komisionit Evropian n\u00eb Shqip\u00ebri (ECPA) 15 maj 1997 \u2013 31 gusht 2002 <\/p>\n\n\n\n<p><strong>MAPE<\/strong>, Bashkimi Evropian Per\u00ebndimor (WEU) vendosi m\u00eb 2 maj 1997 t\u00eb krijoj\u00eb Elementin e Policis\u00eb K\u00ebshillimore Shum\u00ebkomb\u00ebshe (MAPE). MAPE do t\u00eb k\u00ebshillonte autoritetet shqiptare n\u00eb lidhje me rendin publik, kontrollin kufitar, logjistik\u00ebn dhe komunikimin. Nga 12 tetori 1997, mandati p\u00ebrfshinte gjithashtu detyr\u00ebn e edukimit, trajnimit dhe pajisjes s\u00eb punonj\u00ebsve t\u00eb policis\u00eb, si dhe mbik\u00ebqyrjen e aparatit policor, ve\u00e7an\u00ebrisht rreth koh\u00ebs s\u00eb zgjedhjeve t\u00eb k\u00ebshillit vendor t\u00eb 18 dhe 19 qershorit 1998. <\/p>\n\n\n\n<p><strong>ECPA <\/strong>Bashkimi Evropian vendosi n\u00eb fillim t\u00eb vitit 2001 t\u00eb krijoj\u00eb ECPA si nj\u00eb mision lidh\u00ebs nd\u00ebrmjet MAPE dhe programit t\u00eb propozuar CARDS (ndihma e komunitetit p\u00ebr rind\u00ebrtim, zhvillim dhe stabilizim). Synimi i ECPA ishte t\u00eb k\u00ebshillonte qeverin\u00eb shqiptare n\u00eb nivel strategjik n\u00eb lidhje me \u00e7\u00ebshtjet e policis\u00eb, n\u00eb m\u00ebnyr\u00eb q\u00eb Shqip\u00ebria t\u00eb ishte n\u00eb gjendje t\u00eb p\u00ebrshtatej me koh\u00eb me standardet evropiane per\u00ebndimore. <\/p>\n\n\n\n<p><strong>PAMECA I<\/strong> ishte nj\u00eb projekt i zbatuar n\u00eb kuad\u00ebr t\u00eb projektit PHARE. Ky projekt zgjati nga dhjetori 2002 deri n\u00eb dhjetor 2004. Objektivi i PAMECA I ishte t&#8217;i ofronte asistenc\u00eb PSHSH-s\u00eb n\u00eb kuad\u00ebr t\u00eb procesit t\u00eb Stabilizim-Asociimit dhe n\u00eb p\u00ebrputhje me standardet e BE-s\u00eb. PAMECA II ishte nj\u00eb projekt i zbatuar n\u00eb kuad\u00ebr t\u00eb programit CARDS. Ky projekt ka zgjatur nga dhjetori 2004 deri n\u00eb dhjetor 2007 me nj\u00eb fond total prej 6,542,980 euro. Objektivat e <\/p>\n\n\n\n<p><strong>PAMECA II <\/strong>ishin: i) P\u00ebrmir\u00ebsimi i kapaciteteve institucionale dhe operacionale t\u00eb PSH-s\u00eb n\u00eb luft\u00ebn kund\u00ebr krimit dhe n\u00eb sigurimin e rendit publik; ii) Forcimi i bashk\u00ebpunimit midis policis\u00eb dhe prokuroris\u00eb \u2013 gjyq\u00ebsore; iii) Ndihma p\u00ebr policin\u00eb n\u00eb p\u00ebrpjekjet e saj p\u00ebr t\u00eb rritur besimin e publikut. <\/p>\n\n\n\n<p><strong>PAMECA III<\/strong> ishte nj\u00eb projekt i zbatuar n\u00eb kuad\u00ebr t\u00eb programit IPA. PAMECA III u zbatua nga maji 2008 deri n\u00eb maj 2011 me nj\u00eb zgjatje deri n\u00eb maj 2012. Fondi fillestar ishte 5,518,790. Fondi shtes\u00eb p\u00ebr zgjerimin mori fondin total prej 6,8 milion\u00eb euro. Objektivi i p\u00ebrgjithsh\u00ebm i projektit ishte p\u00ebrmir\u00ebsimi i pun\u00ebs s\u00eb strukturave t\u00eb PSHSH-s\u00eb p\u00ebr t\u00eb garantuar besim, siguri dhe nj\u00eb mjedis t\u00eb sigurt p\u00ebr qytetar\u00ebt shqiptar\u00eb n\u00ebp\u00ebrmjet standardeve t\u00eb BE-s\u00eb dhe asistenc\u00ebs teknike nga vendet an\u00ebtare t\u00eb BE-s\u00eb. <\/p>\n\n\n\n<p><strong>PAMECA IV<\/strong> Qershor 2013- Mars 2017 \u201cKonsolidimi i Kapaciteteve t\u00eb Zbatimit t\u00eb Ligjit n\u00eb Shqip\u00ebri\u201d. Fondi total i projektit \u00ebsht\u00eb 4 milion\u00eb euro n\u00eb kuad\u00ebr t\u00eb programit IPA. (Projekti \u00ebsht\u00eb zgjatur nga tetori 2016 deri n\u00eb mars 2017) <\/p>\n\n\n\n<p><strong>PAMECA V<\/strong> \u2013 \u201cKonsolidimi ndaj Agjencive t\u00eb Zbatimit t\u00eb Ligjit \u2013 Mb\u00ebshtetje p\u00ebr Ministrin\u00eb e Pun\u00ebve t\u00eb Brendshme, Policin\u00eb dhe Prokurorin\u00eb e Shtetit Shqiptar\u201d u financua nga Komisioni Europian n\u00eb kuad\u00ebr t\u00eb IPA 2015. Projekti i cili filloi n\u00eb 20 Prill 2017 dhe ishte parashikuar p\u00ebr nj\u00eb total prej 40 muajsh deri n\u00eb gusht 2020, iu dha nj\u00eb zgjatje pa kosto deri m\u00eb 15 dhjetor 2021. Projekti kishte nj\u00eb buxhet total prej 6 milion\u00eb eurosh. Objektivi i p\u00ebrgjithsh\u00ebm i projektit PAMECA V ishte p\u00ebrmir\u00ebsimi i kapaciteteve t\u00eb Ministris\u00eb s\u00eb Pun\u00ebve t\u00eb Brendshme (MPB), Policis\u00eb s\u00eb Shtetit Shqiptar (PSSH), prokurorive dhe strukturave t\u00eb tyre mb\u00ebshtet\u00ebse n\u00eb p\u00ebrmbushjen e objektivave t\u00eb tyre dhe p\u00ebr t&#8217;iu p\u00ebrgjigjur nevojave t\u00eb komunitetit vendas n\u00eb drejtim t\u00eb siguris\u00eb publike. dhe sfidat e menaxhimit t\u00eb kufirit.<\/p>\n","protected":false},"excerpt":{"rendered":"<p>Historia e asistenc\u00ebs s\u00eb BE-s\u00eb p\u00ebr zbatimin e ligjit n\u00eb Shqip\u00ebri Asistenca e BE-s\u00eb p\u00ebr zbatimin e ligjit n\u00eb Shqip\u00ebri ka filluar n\u00eb vitin 2002 dhe ka funksionuar n\u00eb kuad\u00ebr [&hellip;]<\/p>\n","protected":false},"author":1,"featured_media":0,"parent":0,"menu_order":0,"comment_status":"closed","ping_status":"closed","template":"","meta":{"_vp_format_video_url":"","_vp_image_focal_point":[],"footnotes":""},"class_list":["post-939","page","type-page","status-publish","hentry","rishi-post","no-post-thumbnail"],"rishi__cb_customizer_meta":"","featured_image_urls":{"full":"","thumbnail":"","medium":"","medium_large":"","large":"","1536x1536":"","2048x2048":"","vp_sm":"","vp_md":"","vp_lg":"","vp_xl":"","vp_sm_popup":"","vp_md_popup":"","vp_xl_popup":"","rishi-fullwidth":"","rishi-withsidebar":"","rishi-blog-grid":""},"post_excerpt_stackable":"<p>Historia e asistenc\u00ebs s\u00eb BE-s\u00eb p\u00ebr zbatimin e ligjit n\u00eb Shqip\u00ebri Asistenca e BE-s\u00eb p\u00ebr zbatimin e ligjit n\u00eb Shqip\u00ebri ka filluar n\u00eb vitin 2002 dhe ka funksionuar n\u00eb kuad\u00ebr t\u00eb asistenc\u00ebs q\u00eb BE i ka dh\u00ebn\u00eb Shqip\u00ebris\u00eb n\u00eb fush\u00ebn e zbatimit t\u00eb ligjit dhe siguris\u00eb dhe rendit publik. Projektet PAMECA pasuan Elementin e Policis\u00eb K\u00ebshillimore Shum\u00ebkomb\u00ebshe (MAPE) nga Bashkimi Evropian Per\u00ebndimor (WEU) dhe Ndihma Policore e Komisionit Evropian n\u00eb Shqip\u00ebri (ECPA) 15 maj 1997 \u2013 31 gusht 2002 MAPE, Bashkimi Evropian Per\u00ebndimor (WEU) vendosi m\u00eb 2 maj 1997 t\u00eb krijoj\u00eb Elementin e Policis\u00eb K\u00ebshillimore Shum\u00ebkomb\u00ebshe (MAPE). MAPE do t\u00eb&hellip;<\/p>\n","category_list":"","author_info":{"name":"EU4LEA","url":"https:\/\/eu4lea.eu\/sq\/author\/gustishtjefni\/"},"comments_num":"0 comments","_links":{"self":[{"href":"https:\/\/eu4lea.eu\/sq\/wp-json\/wp\/v2\/pages\/939","targetHints":{"allow":["GET"]}}],"collection":[{"href":"https:\/\/eu4lea.eu\/sq\/wp-json\/wp\/v2\/pages"}],"about":[{"href":"https:\/\/eu4lea.eu\/sq\/wp-json\/wp\/v2\/types\/page"}],"author":[{"embeddable":true,"href":"https:\/\/eu4lea.eu\/sq\/wp-json\/wp\/v2\/users\/1"}],"replies":[{"embeddable":true,"href":"https:\/\/eu4lea.eu\/sq\/wp-json\/wp\/v2\/comments?post=939"}],"version-history":[{"count":1,"href":"https:\/\/eu4lea.eu\/sq\/wp-json\/wp\/v2\/pages\/939\/revisions"}],"predecessor-version":[{"id":940,"href":"https:\/\/eu4lea.eu\/sq\/wp-json\/wp\/v2\/pages\/939\/revisions\/940"}],"wp:attachment":[{"href":"https:\/\/eu4lea.eu\/sq\/wp-json\/wp\/v2\/media?parent=939"}],"curies":[{"name":"wp","href":"https:\/\/api.w.org\/{rel}","templated":true}]}}