{"id":881,"date":"2022-05-17T17:32:30","date_gmt":"2022-05-17T16:32:30","guid":{"rendered":"https:\/\/eu4lea.eu\/?page_id=881"},"modified":"2026-02-24T12:34:57","modified_gmt":"2026-02-24T11:34:57","slug":"shtepi","status":"publish","type":"page","link":"https:\/\/eu4lea.eu\/sq\/","title":{"rendered":"Faqja kryesore"},"content":{"rendered":"\n<p data-start=\"40\" data-end=\"485\"><strong data-start=\"40\" data-end=\"115\">Bashkimi Evropian p\u00ebr Zbatimin e Ligjit n\u00eb Shqip\u00ebri \u2013 Faza 2 (EU4LEA 2)<\/strong> \u00ebsht\u00eb nj\u00eb veprim kat\u00ebrvje\u00e7ar i financuar nga Komisioni Evropian dhe bashk\u00ebfinancuar nga Ministria Federale Gjermane p\u00ebr Bashk\u00ebpunim Ekonomik dhe Zhvillim (BMZ). Veprimi zbatohet n\u00eb kuad\u00ebr t\u00eb nj\u00eb Marr\u00ebveshjeje Kontributi, n\u00eb menaxhim indirekt, n\u00ebn drejtimin e Ministris\u00eb s\u00eb Brendshme Italiane (Drejtoria Qendrore e Policis\u00eb Kriminale), n\u00eb partneritet me GIZ dhe Civipol.<\/p>\n<p data-start=\"487\" data-end=\"632\">EU4LEA 2 mb\u00ebshtetet mbi arritjet e EU4LEA Faza I dhe iniciativat e m\u00ebparshme t\u00eb mb\u00ebshtetura nga BE-ja n\u00eb fush\u00ebn e sundimit t\u00eb ligjit n\u00eb Shqip\u00ebri.<\/p>\n<p data-start=\"634\" data-end=\"908\">Veprimi mb\u00ebshtet institucionet kryesore t\u00eb zbatimit t\u00eb ligjit dhe ato gjyq\u00ebsore n\u00eb Shqip\u00ebri n\u00eb p\u00ebrpjekjet e tyre p\u00ebr t\u2019u p\u00ebrafruar me standardet e BE-s\u00eb dhe p\u00ebr t\u00eb forcuar luft\u00ebn kund\u00ebr krimit t\u00eb r\u00ebnd\u00eb dhe t\u00eb organizuar, korrupsionit n\u00eb nivele t\u00eb larta dhe krimit financiar.<\/p>\n<p data-start=\"24\" data-end=\"56\"><strong data-start=\"24\" data-end=\"56\">P\u00ebrfituesit e projektit jan\u00eb:<\/strong><\/p>\n<p data-start=\"58\" data-end=\"539\">\u2022 Ministria e Brendshme<br data-start=\"81\" data-end=\"84\" \/>\u2022 Prokuroria e P\u00ebrgjithshme<br data-start=\"111\" data-end=\"114\" \/>\u2022 Prokurorit\u00eb e Rretheve<br data-start=\"138\" data-end=\"141\" \/>\u2022 Prokuroria e Posa\u00e7me<br data-start=\"163\" data-end=\"166\" \/>\u2022 Policia e Shtetit<br data-start=\"185\" data-end=\"188\" \/>\u2022 Byroja Komb\u00ebtare e Hetimit<br data-start=\"216\" data-end=\"219\" \/>\u2022 Instituti i Policis\u00eb Shkencore<br data-start=\"251\" data-end=\"254\" \/>\u2022 Agjencia e Inteligjenc\u00ebs Financiare<br data-start=\"291\" data-end=\"294\" \/>\u2022 Agjencia e Mbik\u00ebqyrjes Policore<br data-start=\"327\" data-end=\"330\" \/>\u2022 Agjencia p\u00ebr Administrimin e Pasurive t\u00eb Sekuestruara dhe t\u00eb Konfiskuara<br data-start=\"404\" data-end=\"407\" \/>\u2022 Akademia e Siguris\u00eb<br data-start=\"428\" data-end=\"431\" \/>\u2022 Shkolla e Magjistratur\u00ebs<br data-start=\"457\" data-end=\"460\" \/>\u2022 Drejtoria e P\u00ebrgjithshme e Doganave<br data-start=\"497\" data-end=\"500\" \/>\u2022 Drejtoria e P\u00ebrgjithshme e Tatimeve<\/p>\n\n\n\n<hr class=\"wp-block-separator has-alpha-channel-opacity\"\/>\n\n\n\n<h2 class=\"wp-block-heading\"><\/h2>\n\n\n\n<div class=\"wp-block-buttons is-layout-flex wp-block-buttons-is-layout-flex\"><\/div>\n\n\n\n<hr class=\"wp-block-separator has-alpha-channel-opacity\"\/>\n\n\n\n<div class=\"wp-block-query is-layout-flow wp-block-query-is-layout-flow\"><\/div>\n","protected":false},"excerpt":{"rendered":"<p>Bashkimi Evropian p\u00ebr Zbatimin e Ligjit n\u00eb Shqip\u00ebri \u2013 Faza 2 (EU4LEA 2) \u00ebsht\u00eb nj\u00eb veprim kat\u00ebrvje\u00e7ar i financuar nga Komisioni Evropian dhe bashk\u00ebfinancuar nga Ministria Federale Gjermane p\u00ebr Bashk\u00ebpunim [&hellip;]<\/p>\n","protected":false},"author":1,"featured_media":0,"parent":0,"menu_order":0,"comment_status":"closed","ping_status":"closed","template":"","meta":{"_vp_format_video_url":"","_vp_image_focal_point":[],"footnotes":""},"class_list":["post-881","page","type-page","status-publish","hentry","rishi-post","no-post-thumbnail"],"rishi__cb_customizer_meta":"","featured_image_urls":{"full":"","thumbnail":"","medium":"","medium_large":"","large":"","1536x1536":"","2048x2048":"","vp_sm":"","vp_md":"","vp_lg":"","vp_xl":"","vp_sm_popup":"","vp_md_popup":"","vp_xl_popup":"","rishi-fullwidth":"","rishi-withsidebar":"","rishi-blog-grid":""},"post_excerpt_stackable":"<p>Bashkimi Evropian p\u00ebr Zbatimin e Ligjit n\u00eb Shqip\u00ebri \u2013 Faza 2 (EU4LEA 2) \u00ebsht\u00eb nj\u00eb veprim kat\u00ebrvje\u00e7ar i financuar nga Komisioni Evropian dhe bashk\u00ebfinancuar nga Ministria Federale Gjermane p\u00ebr Bashk\u00ebpunim Ekonomik dhe Zhvillim (BMZ). Veprimi zbatohet n\u00eb kuad\u00ebr t\u00eb nj\u00eb Marr\u00ebveshjeje Kontributi, n\u00eb menaxhim indirekt, n\u00ebn drejtimin e Ministris\u00eb s\u00eb Brendshme Italiane (Drejtoria Qendrore e Policis\u00eb Kriminale), n\u00eb partneritet me GIZ dhe Civipol. EU4LEA 2 mb\u00ebshtetet mbi arritjet e EU4LEA Faza I dhe iniciativat e m\u00ebparshme t\u00eb mb\u00ebshtetura nga BE-ja n\u00eb fush\u00ebn e sundimit t\u00eb ligjit n\u00eb Shqip\u00ebri. Veprimi mb\u00ebshtet institucionet kryesore t\u00eb zbatimit t\u00eb ligjit dhe ato gjyq\u00ebsore n\u00eb&hellip;<\/p>\n","category_list":"","author_info":{"name":"EU4LEA","url":"https:\/\/eu4lea.eu\/sq\/author\/gustishtjefni\/"},"comments_num":"0 comments","_links":{"self":[{"href":"https:\/\/eu4lea.eu\/sq\/wp-json\/wp\/v2\/pages\/881","targetHints":{"allow":["GET"]}}],"collection":[{"href":"https:\/\/eu4lea.eu\/sq\/wp-json\/wp\/v2\/pages"}],"about":[{"href":"https:\/\/eu4lea.eu\/sq\/wp-json\/wp\/v2\/types\/page"}],"author":[{"embeddable":true,"href":"https:\/\/eu4lea.eu\/sq\/wp-json\/wp\/v2\/users\/1"}],"replies":[{"embeddable":true,"href":"https:\/\/eu4lea.eu\/sq\/wp-json\/wp\/v2\/comments?post=881"}],"version-history":[{"count":5,"href":"https:\/\/eu4lea.eu\/sq\/wp-json\/wp\/v2\/pages\/881\/revisions"}],"predecessor-version":[{"id":2361,"href":"https:\/\/eu4lea.eu\/sq\/wp-json\/wp\/v2\/pages\/881\/revisions\/2361"}],"wp:attachment":[{"href":"https:\/\/eu4lea.eu\/sq\/wp-json\/wp\/v2\/media?parent=881"}],"curies":[{"name":"wp","href":"https:\/\/api.w.org\/{rel}","templated":true}]}}